{"id":674,"date":"2017-05-10T15:45:23","date_gmt":"2017-05-10T12:45:23","guid":{"rendered":"http:\/\/www.mypizzamoments.com\/?page_id=674\/"},"modified":"2017-05-15T15:04:19","modified_gmt":"2017-05-15T12:04:19","slug":"recipes","status":"publish","type":"page","link":"https:\/\/www.mypizzamoments.com\/en\/recipes\/","title":{"rendered":"Recipes"},"content":{"rendered":"","protected":false},"excerpt":{"rendered":"","protected":false},"author":5,"featured_media":0,"parent":0,"menu_order":0,"comment_status":"closed","ping_status":"closed","template":"page-templates\/reseptit.php","meta":[],"acf":[],"yoast_head":"<!-- This site is optimized with the Yoast SEO plugin v20.3 - https:\/\/yoast.com\/wordpress\/plugins\/seo\/ -->\n<title>Best pizza recipes - With MyPizza you can make delicious pizza<\/title>\n<meta name=\"description\" content=\"Pizzapohjat, kastikkeet, ideoita pizzan p\u00e4\u00e4lle ja reseptej\u00e4 uusien k\u00e4ytt\u00f6tapojen kokeiluun. Tutustu MyPizzan herkullisiin resepteihin ja ohjeisiin!\" \/>\n<meta name=\"robots\" content=\"index, follow, max-snippet:-1, max-image-preview:large, max-video-preview:-1\" \/>\n<link rel=\"canonical\" href=\"https:\/\/www.mypizzamoments.com\/recipes\/\" \/>\n<meta property=\"og:locale\" content=\"en_US\" \/>\n<meta property=\"og:type\" content=\"article\" \/>\n<meta property=\"og:title\" content=\"Best pizza recipes - With MyPizza you can make delicious pizza\" \/>\n<meta property=\"og:description\" content=\"Pizzapohjat, kastikkeet, ideoita pizzan p\u00e4\u00e4lle ja reseptej\u00e4 uusien k\u00e4ytt\u00f6tapojen kokeiluun. Tutustu MyPizzan herkullisiin resepteihin ja ohjeisiin!\" \/>\n<meta property=\"og:url\" content=\"https:\/\/www.mypizzamoments.com\/recipes\/\" \/>\n<meta property=\"og:site_name\" content=\"MyPizza\" \/>\n<meta property=\"article:publisher\" content=\"https:\/\/www.facebook.com\/mypizzamoments\/\" \/>\n<meta property=\"article:modified_time\" content=\"2017-05-15T12:04:19+00:00\" \/>\n<meta property=\"og:image\" content=\"http:\/\/31.217.192.145\/~polargri\/mypizza\/wp-content\/uploads\/2017\/03\/MyPizza_logo.png\" \/>\n<meta name=\"twitter:card\" content=\"summary_large_image\" \/>\n<meta name=\"twitter:site\" content=\"@MyPizzaOven\" \/>\n<script type=\"application\/ld+json\" class=\"yoast-schema-graph\">{\"@context\":\"https:\/\/schema.org\",\"@graph\":[{\"@type\":\"WebPage\",\"@id\":\"https:\/\/www.mypizzamoments.com\/recipes\/\",\"url\":\"https:\/\/www.mypizzamoments.com\/recipes\/\",\"name\":\"Best pizza recipes - With MyPizza you can make delicious pizza\",\"isPartOf\":{\"@id\":\"https:\/\/www.mypizzamoments.com\/#website\"},\"datePublished\":\"2017-05-10T12:45:23+00:00\",\"dateModified\":\"2017-05-15T12:04:19+00:00\",\"description\":\"Pizzapohjat, kastikkeet, ideoita pizzan p\u00e4\u00e4lle ja reseptej\u00e4 uusien k\u00e4ytt\u00f6tapojen kokeiluun. Tutustu MyPizzan herkullisiin resepteihin ja ohjeisiin!\",\"breadcrumb\":{\"@id\":\"https:\/\/www.mypizzamoments.com\/recipes\/#breadcrumb\"},\"inLanguage\":\"en-US\",\"potentialAction\":[{\"@type\":\"ReadAction\",\"target\":[\"https:\/\/www.mypizzamoments.com\/recipes\/\"]}]},{\"@type\":\"BreadcrumbList\",\"@id\":\"https:\/\/www.mypizzamoments.com\/recipes\/#breadcrumb\",\"itemListElement\":[{\"@type\":\"ListItem\",\"position\":1,\"name\":\"Home\",\"item\":\"https:\/\/www.mypizzamoments.com\/en\/\"},{\"@type\":\"ListItem\",\"position\":2,\"name\":\"Recipes\"}]},{\"@type\":\"WebSite\",\"@id\":\"https:\/\/www.mypizzamoments.com\/#website\",\"url\":\"https:\/\/www.mypizzamoments.com\/\",\"name\":\"MyPizza\",\"description\":\"T&auml;ydellisen pizzan salaisuus\",\"potentialAction\":[{\"@type\":\"SearchAction\",\"target\":{\"@type\":\"EntryPoint\",\"urlTemplate\":\"https:\/\/www.mypizzamoments.com\/?s={search_term_string}\"},\"query-input\":\"required name=search_term_string\"}],\"inLanguage\":\"en-US\"}]}<\/script>\n<!-- \/ Yoast SEO plugin. -->","yoast_head_json":{"title":"Best pizza recipes - With MyPizza you can make delicious pizza","description":"Pizzapohjat, kastikkeet, ideoita pizzan p\u00e4\u00e4lle ja reseptej\u00e4 uusien k\u00e4ytt\u00f6tapojen kokeiluun. Tutustu MyPizzan herkullisiin resepteihin ja ohjeisiin!","robots":{"index":"index","follow":"follow","max-snippet":"max-snippet:-1","max-image-preview":"max-image-preview:large","max-video-preview":"max-video-preview:-1"},"canonical":"https:\/\/www.mypizzamoments.com\/recipes\/","og_locale":"en_US","og_type":"article","og_title":"Best pizza recipes - With MyPizza you can make delicious pizza","og_description":"Pizzapohjat, kastikkeet, ideoita pizzan p\u00e4\u00e4lle ja reseptej\u00e4 uusien k\u00e4ytt\u00f6tapojen kokeiluun. Tutustu MyPizzan herkullisiin resepteihin ja ohjeisiin!","og_url":"https:\/\/www.mypizzamoments.com\/recipes\/","og_site_name":"MyPizza","article_publisher":"https:\/\/www.facebook.com\/mypizzamoments\/","article_modified_time":"2017-05-15T12:04:19+00:00","og_image":[{"url":"http:\/\/31.217.192.145\/~polargri\/mypizza\/wp-content\/uploads\/2017\/03\/MyPizza_logo.png"}],"twitter_card":"summary_large_image","twitter_site":"@MyPizzaOven","schema":{"@context":"https:\/\/schema.org","@graph":[{"@type":"WebPage","@id":"https:\/\/www.mypizzamoments.com\/recipes\/","url":"https:\/\/www.mypizzamoments.com\/recipes\/","name":"Best pizza recipes - With MyPizza you can make delicious pizza","isPartOf":{"@id":"https:\/\/www.mypizzamoments.com\/#website"},"datePublished":"2017-05-10T12:45:23+00:00","dateModified":"2017-05-15T12:04:19+00:00","description":"Pizzapohjat, kastikkeet, ideoita pizzan p\u00e4\u00e4lle ja reseptej\u00e4 uusien k\u00e4ytt\u00f6tapojen kokeiluun. Tutustu MyPizzan herkullisiin resepteihin ja ohjeisiin!","breadcrumb":{"@id":"https:\/\/www.mypizzamoments.com\/recipes\/#breadcrumb"},"inLanguage":"en-US","potentialAction":[{"@type":"ReadAction","target":["https:\/\/www.mypizzamoments.com\/recipes\/"]}]},{"@type":"BreadcrumbList","@id":"https:\/\/www.mypizzamoments.com\/recipes\/#breadcrumb","itemListElement":[{"@type":"ListItem","position":1,"name":"Home","item":"https:\/\/www.mypizzamoments.com\/en\/"},{"@type":"ListItem","position":2,"name":"Recipes"}]},{"@type":"WebSite","@id":"https:\/\/www.mypizzamoments.com\/#website","url":"https:\/\/www.mypizzamoments.com\/","name":"MyPizza","description":"T&auml;ydellisen pizzan salaisuus","potentialAction":[{"@type":"SearchAction","target":{"@type":"EntryPoint","urlTemplate":"https:\/\/www.mypizzamoments.com\/?s={search_term_string}"},"query-input":"required name=search_term_string"}],"inLanguage":"en-US"}]}},"_links":{"self":[{"href":"https:\/\/www.mypizzamoments.com\/en\/wp-json\/wp\/v2\/pages\/674"}],"collection":[{"href":"https:\/\/www.mypizzamoments.com\/en\/wp-json\/wp\/v2\/pages"}],"about":[{"href":"https:\/\/www.mypizzamoments.com\/en\/wp-json\/wp\/v2\/types\/page"}],"author":[{"embeddable":true,"href":"https:\/\/www.mypizzamoments.com\/en\/wp-json\/wp\/v2\/users\/5"}],"replies":[{"embeddable":true,"href":"https:\/\/www.mypizzamoments.com\/en\/wp-json\/wp\/v2\/comments?post=674"}],"version-history":[{"count":7,"href":"https:\/\/www.mypizzamoments.com\/en\/wp-json\/wp\/v2\/pages\/674\/revisions"}],"predecessor-version":[{"id":1031,"href":"https:\/\/www.mypizzamoments.com\/en\/wp-json\/wp\/v2\/pages\/674\/revisions\/1031"}],"wp:attachment":[{"href":"https:\/\/www.mypizzamoments.com\/en\/wp-json\/wp\/v2\/media?parent=674"}],"curies":[{"name":"wp","href":"https:\/\/api.w.org\/{rel}","templated":true}]}}